{"id":13,"date":"2018-04-05T10:04:02","date_gmt":"2018-04-05T10:04:02","guid":{"rendered":"http:\/\/www.dobijbaterky.com\/?page_id=13"},"modified":"2020-12-26T20:45:38","modified_gmt":"2020-12-26T19:45:38","slug":"lekce-jogy","status":"publish","type":"page","link":"https:\/\/www.dobijbaterky.com\/?page_id=13","title":{"rendered":"J\u00f3ga"},"content":{"rendered":"<h5 style=\"text-align: left;\"><strong>J\u00f3gu cvi\u010d\u00edm v Z\u00e1meck\u00e9m kulturn\u00edm centru (ZKC) v Rosic\u00edch a v Dom\u011b d\u011bt\u00ed a ml\u00e1de\u017ee (DDM) v Zast\u00e1vce u Brna.<\/strong><\/h5>\n<h5 style=\"text-align: left;\"><strong>Cvi\u010d\u00edm tak\u00e9 ve firm\u00e1ch. V p\u0159\u00edpad\u011b va\u0161eho z\u00e1jmu o lekce j\u00f3gy ve va\u0161\u00ed firm\u011b nebo v mate\u0159sk\u00e9 \u0161kolce m\u011b, pros\u00edm, kontaktujte.<\/strong><\/h5>\n<h4><strong>Sledujte syst\u00e9m <a href=\"https:\/\/dobijbaterky-com.reservio.com\/\" target=\"_blank\" rel=\"noopener noreferrer\">RESERVIO<\/a>, kde jsou vypsan\u00e9 aktu\u00e1ln\u00ed lekce.<\/strong><\/h4>\n<hr>\n<p style=\"text-align: center;\"><em><strong>P\u0159ij\u010fte pos\u00edlit a prot\u00e1hnout t\u011blo. Ulevit unaven\u00fdm z\u00e1d\u016fm a ud\u011blat n\u011bco pro sebe. T\u011b\u0161\u00edm se na v\u00e1s! \ud83d\ude42 Lucka<\/strong><\/em><\/p>\n","protected":false},"excerpt":{"rendered":"<p>J\u00f3gu cvi\u010d\u00edm v Z\u00e1meck\u00e9m kulturn\u00edm centru (ZKC) v Rosic\u00edch a v Dom\u011b d\u011bt\u00ed a ml\u00e1de\u017ee (DDM) v Zast\u00e1vce u Brna. Cvi\u010d\u00edm tak\u00e9 ve firm\u00e1ch. V p\u0159\u00edpad\u011b va\u0161eho z\u00e1jmu o lekce j\u00f3gy ve va\u0161\u00ed firm\u011b nebo v mate\u0159sk\u00e9 \u0161kolce m\u011b, pros\u00edm, kontaktujte. Sledujte syst\u00e9m RESERV&#8230;<\/p>\n<p> <a class=\"continue-reading-link\" href=\"https:\/\/www.dobijbaterky.com\/?page_id=13\"><span>\u010ct\u011bte v\u00edce<\/span><i class=\"crycon-right-dir\"><\/i><\/a> <\/p>\n","protected":false},"author":1,"featured_media":1622,"parent":0,"menu_order":2,"comment_status":"closed","ping_status":"closed","template":"templates\/template-page-with-intro.php","meta":[],"_links":{"self":[{"href":"https:\/\/www.dobijbaterky.com\/index.php?rest_route=\/wp\/v2\/pages\/13"}],"collection":[{"href":"https:\/\/www.dobijbaterky.com\/index.php?rest_route=\/wp\/v2\/pages"}],"about":[{"href":"https:\/\/www.dobijbaterky.com\/index.php?rest_route=\/wp\/v2\/types\/page"}],"author":[{"embeddable":true,"href":"https:\/\/www.dobijbaterky.com\/index.php?rest_route=\/wp\/v2\/users\/1"}],"replies":[{"embeddable":true,"href":"https:\/\/www.dobijbaterky.com\/index.php?rest_route=%2Fwp%2Fv2%2Fcomments&post=13"}],"version-history":[{"count":79,"href":"https:\/\/www.dobijbaterky.com\/index.php?rest_route=\/wp\/v2\/pages\/13\/revisions"}],"predecessor-version":[{"id":1625,"href":"https:\/\/www.dobijbaterky.com\/index.php?rest_route=\/wp\/v2\/pages\/13\/revisions\/1625"}],"wp:featuredmedia":[{"embeddable":true,"href":"https:\/\/www.dobijbaterky.com\/index.php?rest_route=\/wp\/v2\/media\/1622"}],"wp:attachment":[{"href":"https:\/\/www.dobijbaterky.com\/index.php?rest_route=%2Fwp%2Fv2%2Fmedia&parent=13"}],"curies":[{"name":"wp","href":"https:\/\/api.w.org\/{rel}","templated":true}]}}