{"id":14,"date":"2018-04-05T10:04:02","date_gmt":"2018-04-05T10:04:02","guid":{"rendered":"http:\/\/www.dobijbaterky.com\/?page_id=14"},"modified":"2020-12-26T20:44:11","modified_gmt":"2020-12-26T19:44:11","slug":"zajezdy","status":"publish","type":"page","link":"https:\/\/www.dobijbaterky.com\/?page_id=14","title":{"rendered":"V\u00fdlety, pobyty"},"content":{"rendered":"<p><strong>Zde naleznete p\u0159ehled v\u00fdlet\u016f a akc\u00ed, kter\u00e9 v nejbli\u017e\u0161\u00ed dob\u011b organizuji.<\/strong><\/p>\n<p><strong><em>Jak\u00e9 v\u00fdlety jsem ji\u017e uspo\u0159\u00e1dala a kde v\u0161ude jsme byli, si m\u016f\u017eete p\u0159e\u010d\u00edst na m\u00e9m <a href=\"https:\/\/www.dobijbaterky.com\/?page_id=485\" target=\"_blank\" rel=\"noopener noreferrer\">blogu.<\/a>&nbsp;<\/em><\/strong><\/p>\n<p>Pokud se chcete na v\u00fdlet p\u0159ihl\u00e1sit, klikn\u011bte na sekci<strong><a href=\"https:\/\/dobijbaterky-com.reservio.com\/\" target=\"_blank\" rel=\"noopener noreferrer\">&nbsp;REZERVACE. <\/a><\/strong>Pokud je je\u0161t\u011b dlouh\u00e1 doba do odjezdu a z\u00e1jezd nebo akce nejsou vyps\u00e1ny v kalend\u00e1\u0159i, kontaktujte m\u011b mejlem nebo telefonicky.<\/p>\n<p>V p\u0159\u00edpad\u011b dotaz\u016f nev\u00e1hejte a napi\u0161te mi, zavolejte a ptejte se na podrobnosti. T\u011b\u0161\u00edm se na setk\u00e1n\u00ed na n\u011bkter\u00e9m z v\u00fdlet\u016f \u010di akci! \ud83d\ude42<\/p>\n<hr>\n<p><strong>ODJEZDOV\u00c1 M\u00cdSTA NA AUTOBUSOV\u00c9 V\u00ddLETY:<\/strong><br \/>\nZb\u00fd\u0161ov, Babice u Rosic, Zast\u00e1vka (D\u011blnick\u00fd d\u016fm), Rosice (Kam\u00ednky, Tr\u00e1vn\u00edky, Brn\u011bnsk\u00e1), Brno (\u00dast\u0159edn\u00ed h\u0159bitov) + eventu\u00e1ln\u00ed dal\u0161\u00ed m\u00edsta dle domluvy po trase.<\/p>\n<hr>\n","protected":false},"excerpt":{"rendered":"<p>Zde naleznete p\u0159ehled v\u00fdlet\u016f a akc\u00ed, kter\u00e9 v nejbli\u017e\u0161\u00ed dob\u011b organizuji. Jak\u00e9 v\u00fdlety jsem ji\u017e uspo\u0159\u00e1dala a kde v\u0161ude jsme byli, si m\u016f\u017eete p\u0159e\u010d\u00edst na m\u00e9m blogu.&nbsp; Pokud se chcete na v\u00fdlet p\u0159ihl\u00e1sit, klikn\u011bte na sekci&nbsp;REZERVACE. Pokud je je\u0161t\u011b &#8230;<\/p>\n<p> <a class=\"continue-reading-link\" href=\"https:\/\/www.dobijbaterky.com\/?page_id=14\"><span>\u010ct\u011bte v\u00edce<\/span><i class=\"crycon-right-dir\"><\/i><\/a> <\/p>\n","protected":false},"author":1,"featured_media":1620,"parent":0,"menu_order":1,"comment_status":"closed","ping_status":"closed","template":"templates\/template-page-with-intro.php","meta":[],"_links":{"self":[{"href":"https:\/\/www.dobijbaterky.com\/index.php?rest_route=\/wp\/v2\/pages\/14"}],"collection":[{"href":"https:\/\/www.dobijbaterky.com\/index.php?rest_route=\/wp\/v2\/pages"}],"about":[{"href":"https:\/\/www.dobijbaterky.com\/index.php?rest_route=\/wp\/v2\/types\/page"}],"author":[{"embeddable":true,"href":"https:\/\/www.dobijbaterky.com\/index.php?rest_route=\/wp\/v2\/users\/1"}],"replies":[{"embeddable":true,"href":"https:\/\/www.dobijbaterky.com\/index.php?rest_route=%2Fwp%2Fv2%2Fcomments&post=14"}],"version-history":[{"count":138,"href":"https:\/\/www.dobijbaterky.com\/index.php?rest_route=\/wp\/v2\/pages\/14\/revisions"}],"predecessor-version":[{"id":1624,"href":"https:\/\/www.dobijbaterky.com\/index.php?rest_route=\/wp\/v2\/pages\/14\/revisions\/1624"}],"wp:featuredmedia":[{"embeddable":true,"href":"https:\/\/www.dobijbaterky.com\/index.php?rest_route=\/wp\/v2\/media\/1620"}],"wp:attachment":[{"href":"https:\/\/www.dobijbaterky.com\/index.php?rest_route=%2Fwp%2Fv2%2Fmedia&parent=14"}],"curies":[{"name":"wp","href":"https:\/\/api.w.org\/{rel}","templated":true}]}}