{"id":926,"date":"2019-01-04T20:56:59","date_gmt":"2019-01-04T20:56:59","guid":{"rendered":"http:\/\/www.dobijbaterky.com\/?page_id=926"},"modified":"2020-12-26T17:35:22","modified_gmt":"2020-12-26T16:35:22","slug":"fotogalerie","status":"publish","type":"page","link":"https:\/\/www.dobijbaterky.com\/?page_id=926","title":{"rendered":"Videa cvi\u010den\u00ed"},"content":{"rendered":"\n<p>Nov\u00e9 videolekce j\u00f3gy a cvi\u010den\u00ed pro d\u011bti naleznete tak\u00e9 na youtube kan\u00e1lu myRosice.<\/p>\n\n\n\n<p><\/p>\n\n\n\n<h3><em>Pokud se zrovna nem\u016f\u017eete dostavit na lekci, zacvi\u010dte si z domova nebo t\u0159eba na slu\u017eebn\u00ed cest\u011b :-)) P\u0159ipraveno je i p\u00e1r uk\u00e1zek pro cvi\u010den\u00ed s d\u011btmi.<\/em> <\/h3>\n\n\n\n<p>Bohu\u017eel se v t\u00e9to dob\u011b nem\u016f\u017eeme v\u00eddat osobn\u011b, ale abychom neztratili kontakt sami se sebou a hlavn\u011b se cvi\u010den\u00edm, p\u0159ipravila jsem pro v\u00e1s kr\u00e1tk\u00e1 videa, podle kter\u00fdch se m\u016f\u017eete udr\u017eovat v kondici doma. Budu tak\u00e9 moc r\u00e1da za zp\u011btnou vazbu, jak se v\u00e1m cvi\u010d\u00ed a p\u0159\u00edpadn\u011b tipy a p\u0159\u00e1n\u00ed, jak zam\u011b\u0159it dal\u0161\u00ed videolekce <\/p>\n\n\n\n<p>Video \u010d 1 &#8211;&nbsp;<strong>JEMN\u00c1 (RANN\u00cd) J\u00d3GA<\/strong>&nbsp;je zam\u011b\u0159en\u00e9 na celkov\u00e9 prota\u017een\u00ed t\u011bla, nalad\u011bn\u00ed se na cvi\u010den\u00ed nebo jako uvoln\u011bn\u00ed po n\u00e1ro\u010dn\u00e9m dni<a href=\"https:\/\/youtu.be\/offbrBI2ZB8\" rel=\"noreferrer noopener\" target=\"_blank\">https:\/\/youtu.be\/offbrBI2ZB8<\/a><\/p>\n\n\n\n<p>na toto video m\u016f\u017eete nav\u00e1zat videem \u010d. 2 &#8211;&nbsp;<strong>J\u00d3GA PRO DOBROU N\u00c1LADU,&nbsp;<\/strong>kter\u00e9 je tro\u0161ku dynami\u010dt\u011bj\u0161\u00ed a zam\u011b\u0159en\u00e9 na celkov\u00e9 zpevn\u011bn\u00ed&nbsp; t\u011bla<a rel=\"noreferrer noopener\" href=\"https:\/\/youtu.be\/X8vL9sVGnYY\" target=\"_blank\">https:\/\/youtu.be\/X8vL9sVGnYY<\/a><br><strong><br>video \u010d.3<\/strong>&nbsp;je zam\u011b\u0159en\u00e9 na&nbsp;<strong>POS\u00cdLEN\u00cd ST\u0158EDU T\u011aLA<\/strong>&nbsp;a b\u0159i\u0161n\u00edch i z\u00e1dov\u00fdch sval\u016f. D\u016fle\u017eit\u00e9 je spr\u00e1vn\u00e9 d\u00fdch\u00e1n\u00ed!<a rel=\"noreferrer noopener\" href=\"https:\/\/youtu.be\/vYNGa5BQ72U\" target=\"_blank\">https:\/\/youtu.be\/vYNGa5BQ72U<\/a><\/p>\n\n\n\n<p>a na z\u00e1v\u011br <strong>RELAXACE \ud83d\ude42 <\/strong> <br><a rel=\"noreferrer noopener\" href=\"https:\/\/youtu.be\/DxcJyNWyo8A\" target=\"_blank\">https:\/\/youtu.be\/DxcJyNWyo8A<\/a> <\/p>\n\n\n\n<p><\/p>\n\n\n\n<p><strong><em>PRO D\u011aTI<\/em><\/strong><\/p>\n\n\n\n<p>video s&nbsp;<strong>prvky d\u011btsk\u00e9 j\u00f3gy + pozdrav Slunci<\/strong>&nbsp; &#8211; tentokr\u00e1t je t\u00e9matem po\u010das\u00ed&nbsp;&nbsp;&#8211; vhodn\u00e9 pro d\u011bti cca 4 &#8211; 9 let.<a rel=\"noreferrer noopener\" href=\"https:\/\/youtu.be\/YfGjCdbk93c\" target=\"_blank\">https:\/\/youtu.be\/YfGjCdbk93c<\/a><\/p>\n\n\n\n<p>video s&nbsp;<strong>pohybov\u00fdmi \u0159\u00edkankami pro men\u0161\u00ed d\u011bti&nbsp;<\/strong>&#8211; p\u0159izp\u016fsobit m\u016f\u017eete d\u011btem cca od 1,5 &#8211; cca 7 let.&nbsp;<a rel=\"noreferrer noopener\" href=\"https:\/\/youtu.be\/LHd1kEQv6A8\" target=\"_blank\">https:\/\/youtu.be\/LHd1kEQv6A8<\/a><\/p>\n\n\n\n<p>V dal\u0161\u00edm videu se d\u011bti<strong> prost\u0159ednictv\u00edm p\u0159\u00edb\u011bhu d<\/strong>ostanou do jarn\u00edho lesa a <strong>prot\u00e1hnou se spolu s lesn\u00edmi zv\u00ed\u0159\u00e1tky.<\/strong> Nav\u00edc si zopakuj\u00ed nejzn\u00e1m\u011bj\u0161\u00ed <strong>velikono\u010dn\u00ed zvyky<\/strong>. P\u0159\u00edjemnou z\u00e1bavu! \ud83d\ude42  <br><a rel=\"noreferrer noopener\" href=\"https:\/\/youtu.be\/Tg9vCUXRB_E\" target=\"_blank\">https:\/\/youtu.be\/Tg9vCUXRB_E<\/a>  Hezky si zacvi\u010dte a zkuste tak\u00e9 odpov\u011bd\u011bt na n\u00e1sleduj\u00edc\u00ed ot\u00e1zky: &#8222;Kter\u00e9 zv\u00ed\u0159\u00e1tko potkal zaj\u00ed\u010dek jako posledn\u00ed? A vzpomenete si, kde se nach\u00e1z\u00ed les, ve kter\u00e9m zaje\u010d\u00ed rodinka \u017eila?&#8220; M\u016f\u017eete i p\u0159ipojit fotku z va\u0161eho cvi\u010den\u00ed nebo napsat, jak se v\u00e1m cvi\u010dilo <\/p>\n\n\n\n<p>hra &#8222;\u0161kolka&#8220; s m\u00ed\u010dem &#8211;  <br><a rel=\"noreferrer noopener\" target=\"_blank\" href=\"https:\/\/youtu.be\/iAR3wYkJOIA\">https:\/\/youtu.be\/iAR3wYkJOIA<\/a> <\/p>\n\n\n\n<figure class=\"wp-block-gallery columns-0 is-cropped\"><ul class=\"blocks-gallery-grid\"><\/ul><\/figure>\n\n\n\n<figure class=\"wp-block-gallery columns-0 is-cropped\"><ul class=\"blocks-gallery-grid\"><\/ul><\/figure>\n\n\n\n<p><\/p>\n","protected":false},"excerpt":{"rendered":"<p>Nov\u00e9 videolekce j\u00f3gy a cvi\u010den\u00ed pro d\u011bti naleznete tak\u00e9 na youtube kan\u00e1lu myRosice. Pokud se zrovna nem\u016f\u017eete dostavit na lekci, zacvi\u010dte si z domova nebo t\u0159eba na slu\u017eebn\u00ed cest\u011b :-)) P\u0159ipraveno je i p\u00e1r uk\u00e1zek pro cvi\u010den\u00ed s d\u011btmi. Bohu\u017eel se v t\u00e9to do&#8230;<\/p>\n<p> <a class=\"continue-reading-link\" href=\"https:\/\/www.dobijbaterky.com\/?page_id=926\"><span>\u010ct\u011bte v\u00edce<\/span><i class=\"crycon-right-dir\"><\/i><\/a> <\/p>\n","protected":false},"author":1,"featured_media":0,"parent":0,"menu_order":0,"comment_status":"closed","ping_status":"closed","template":"","meta":[],"_links":{"self":[{"href":"https:\/\/www.dobijbaterky.com\/index.php?rest_route=\/wp\/v2\/pages\/926"}],"collection":[{"href":"https:\/\/www.dobijbaterky.com\/index.php?rest_route=\/wp\/v2\/pages"}],"about":[{"href":"https:\/\/www.dobijbaterky.com\/index.php?rest_route=\/wp\/v2\/types\/page"}],"author":[{"embeddable":true,"href":"https:\/\/www.dobijbaterky.com\/index.php?rest_route=\/wp\/v2\/users\/1"}],"replies":[{"embeddable":true,"href":"https:\/\/www.dobijbaterky.com\/index.php?rest_route=%2Fwp%2Fv2%2Fcomments&post=926"}],"version-history":[{"count":22,"href":"https:\/\/www.dobijbaterky.com\/index.php?rest_route=\/wp\/v2\/pages\/926\/revisions"}],"predecessor-version":[{"id":1616,"href":"https:\/\/www.dobijbaterky.com\/index.php?rest_route=\/wp\/v2\/pages\/926\/revisions\/1616"}],"wp:attachment":[{"href":"https:\/\/www.dobijbaterky.com\/index.php?rest_route=%2Fwp%2Fv2%2Fmedia&parent=926"}],"curies":[{"name":"wp","href":"https:\/\/api.w.org\/{rel}","templated":true}]}}